{"id":3874,"date":"2021-05-17T15:53:18","date_gmt":"2021-05-17T15:53:18","guid":{"rendered":"https:\/\/fiel.pt\/produtores\/"},"modified":"2022-07-06T14:20:39","modified_gmt":"2022-07-06T14:20:39","slug":"growers","status":"publish","type":"page","link":"https:\/\/fiel.pt\/en\/growers\/","title":{"rendered":"Growers"},"content":{"rendered":"","protected":false},"excerpt":{"rendered":"","protected":false},"author":1,"featured_media":0,"parent":0,"menu_order":0,"comment_status":"closed","ping_status":"closed","template":"tmp-produtores.php","meta":{"footnotes":""},"acf":[],"yoast_head":"<!-- This site is optimized with the Yoast SEO plugin v22.3 - https:\/\/yoast.com\/wordpress\/plugins\/seo\/ -->\n<title>Growers - Fiel<\/title>\n<meta name=\"robots\" content=\"index, follow, max-snippet:-1, max-image-preview:large, max-video-preview:-1\" \/>\n<link rel=\"canonical\" href=\"https:\/\/fiel.pt\/en\/growers\/\" \/>\n<meta property=\"og:locale\" content=\"en_US\" \/>\n<meta property=\"og:type\" content=\"article\" \/>\n<meta property=\"og:title\" content=\"Growers - Fiel\" \/>\n<meta property=\"og:url\" content=\"https:\/\/fiel.pt\/en\/growers\/\" \/>\n<meta property=\"og:site_name\" content=\"Fiel\" \/>\n<meta property=\"article:modified_time\" content=\"2022-07-06T14:20:39+00:00\" \/>\n<meta name=\"twitter:card\" content=\"summary_large_image\" \/>\n<script type=\"application\/ld+json\" class=\"yoast-schema-graph\">{\"@context\":\"https:\/\/schema.org\",\"@graph\":[{\"@type\":\"WebPage\",\"@id\":\"https:\/\/fiel.pt\/en\/growers\/\",\"url\":\"https:\/\/fiel.pt\/en\/growers\/\",\"name\":\"Growers - Fiel\",\"isPartOf\":{\"@id\":\"https:\/\/fiel.pt\/en\/#website\"},\"datePublished\":\"2021-05-17T15:53:18+00:00\",\"dateModified\":\"2022-07-06T14:20:39+00:00\",\"breadcrumb\":{\"@id\":\"https:\/\/fiel.pt\/en\/growers\/#breadcrumb\"},\"inLanguage\":\"en-US\",\"potentialAction\":[{\"@type\":\"ReadAction\",\"target\":[\"https:\/\/fiel.pt\/en\/growers\/\"]}]},{\"@type\":\"BreadcrumbList\",\"@id\":\"https:\/\/fiel.pt\/en\/growers\/#breadcrumb\",\"itemListElement\":[{\"@type\":\"ListItem\",\"position\":1,\"name\":\"In\u00edcio\",\"item\":\"https:\/\/fiel.pt\/en\/\"},{\"@type\":\"ListItem\",\"position\":2,\"name\":\"Growers\"}]},{\"@type\":\"WebSite\",\"@id\":\"https:\/\/fiel.pt\/en\/#website\",\"url\":\"https:\/\/fiel.pt\/en\/\",\"name\":\"Fiel\",\"description\":\"Importa\u00e7\u00e3o e Exporta\u00e7\u00e3o de Frutas e Legumes\",\"publisher\":{\"@id\":\"https:\/\/fiel.pt\/en\/#organization\"},\"potentialAction\":[{\"@type\":\"SearchAction\",\"target\":{\"@type\":\"EntryPoint\",\"urlTemplate\":\"https:\/\/fiel.pt\/en\/?s={search_term_string}\"},\"query-input\":\"required name=search_term_string\"}],\"inLanguage\":\"en-US\"},{\"@type\":\"Organization\",\"@id\":\"https:\/\/fiel.pt\/en\/#organization\",\"name\":\"Fiel\",\"url\":\"https:\/\/fiel.pt\/en\/\",\"logo\":{\"@type\":\"ImageObject\",\"inLanguage\":\"en-US\",\"@id\":\"https:\/\/fiel.pt\/en\/#\/schema\/logo\/image\/\",\"url\":\"https:\/\/fiel.pt\/wp-content\/uploads\/2021\/07\/cropped-Logo_Fiel_Homepage.png\",\"contentUrl\":\"https:\/\/fiel.pt\/wp-content\/uploads\/2021\/07\/cropped-Logo_Fiel_Homepage.png\",\"width\":93,\"height\":77,\"caption\":\"Fiel\"},\"image\":{\"@id\":\"https:\/\/fiel.pt\/en\/#\/schema\/logo\/image\/\"}}]}<\/script>\n<!-- \/ Yoast SEO plugin. -->","yoast_head_json":{"title":"Growers - Fiel","robots":{"index":"index","follow":"follow","max-snippet":"max-snippet:-1","max-image-preview":"max-image-preview:large","max-video-preview":"max-video-preview:-1"},"canonical":"https:\/\/fiel.pt\/en\/growers\/","og_locale":"en_US","og_type":"article","og_title":"Growers - Fiel","og_url":"https:\/\/fiel.pt\/en\/growers\/","og_site_name":"Fiel","article_modified_time":"2022-07-06T14:20:39+00:00","twitter_card":"summary_large_image","schema":{"@context":"https:\/\/schema.org","@graph":[{"@type":"WebPage","@id":"https:\/\/fiel.pt\/en\/growers\/","url":"https:\/\/fiel.pt\/en\/growers\/","name":"Growers - Fiel","isPartOf":{"@id":"https:\/\/fiel.pt\/en\/#website"},"datePublished":"2021-05-17T15:53:18+00:00","dateModified":"2022-07-06T14:20:39+00:00","breadcrumb":{"@id":"https:\/\/fiel.pt\/en\/growers\/#breadcrumb"},"inLanguage":"en-US","potentialAction":[{"@type":"ReadAction","target":["https:\/\/fiel.pt\/en\/growers\/"]}]},{"@type":"BreadcrumbList","@id":"https:\/\/fiel.pt\/en\/growers\/#breadcrumb","itemListElement":[{"@type":"ListItem","position":1,"name":"In\u00edcio","item":"https:\/\/fiel.pt\/en\/"},{"@type":"ListItem","position":2,"name":"Growers"}]},{"@type":"WebSite","@id":"https:\/\/fiel.pt\/en\/#website","url":"https:\/\/fiel.pt\/en\/","name":"Fiel","description":"Importa\u00e7\u00e3o e Exporta\u00e7\u00e3o de Frutas e Legumes","publisher":{"@id":"https:\/\/fiel.pt\/en\/#organization"},"potentialAction":[{"@type":"SearchAction","target":{"@type":"EntryPoint","urlTemplate":"https:\/\/fiel.pt\/en\/?s={search_term_string}"},"query-input":"required name=search_term_string"}],"inLanguage":"en-US"},{"@type":"Organization","@id":"https:\/\/fiel.pt\/en\/#organization","name":"Fiel","url":"https:\/\/fiel.pt\/en\/","logo":{"@type":"ImageObject","inLanguage":"en-US","@id":"https:\/\/fiel.pt\/en\/#\/schema\/logo\/image\/","url":"https:\/\/fiel.pt\/wp-content\/uploads\/2021\/07\/cropped-Logo_Fiel_Homepage.png","contentUrl":"https:\/\/fiel.pt\/wp-content\/uploads\/2021\/07\/cropped-Logo_Fiel_Homepage.png","width":93,"height":77,"caption":"Fiel"},"image":{"@id":"https:\/\/fiel.pt\/en\/#\/schema\/logo\/image\/"}}]}},"_links":{"self":[{"href":"https:\/\/fiel.pt\/en\/wp-json\/wp\/v2\/pages\/3874"}],"collection":[{"href":"https:\/\/fiel.pt\/en\/wp-json\/wp\/v2\/pages"}],"about":[{"href":"https:\/\/fiel.pt\/en\/wp-json\/wp\/v2\/types\/page"}],"author":[{"embeddable":true,"href":"https:\/\/fiel.pt\/en\/wp-json\/wp\/v2\/users\/1"}],"replies":[{"embeddable":true,"href":"https:\/\/fiel.pt\/en\/wp-json\/wp\/v2\/comments?post=3874"}],"version-history":[{"count":5,"href":"https:\/\/fiel.pt\/en\/wp-json\/wp\/v2\/pages\/3874\/revisions"}],"predecessor-version":[{"id":4441,"href":"https:\/\/fiel.pt\/en\/wp-json\/wp\/v2\/pages\/3874\/revisions\/4441"}],"wp:attachment":[{"href":"https:\/\/fiel.pt\/en\/wp-json\/wp\/v2\/media?parent=3874"}],"curies":[{"name":"wp","href":"https:\/\/api.w.org\/{rel}","templated":true}]}}