{"id":3857,"date":"2021-05-17T15:53:44","date_gmt":"2021-05-17T15:53:44","guid":{"rendered":"https:\/\/fiel.pt\/a-fiel\/"},"modified":"2025-10-31T11:15:08","modified_gmt":"2025-10-31T11:15:08","slug":"the-fiel","status":"publish","type":"page","link":"https:\/\/fiel.pt\/en\/the-fiel\/","title":{"rendered":"Fiel"},"content":{"rendered":"","protected":false},"excerpt":{"rendered":"","protected":false},"author":1,"featured_media":0,"parent":0,"menu_order":0,"comment_status":"closed","ping_status":"closed","template":"tmp-a_fiel.php","meta":{"footnotes":""},"acf":[],"yoast_head":"<!-- This site is optimized with the Yoast SEO plugin v22.3 - https:\/\/yoast.com\/wordpress\/plugins\/seo\/ -->\n<title>Fiel - Fiel<\/title>\n<meta name=\"description\" content=\"A FIEL tem mais de 50 anos de experi\u00eancia no mercado alimentar portugu\u00eas. Dedica-se \u00e0 importa\u00e7\u00e3o e exporta\u00e7\u00e3o de frutas e legumes ex\u00f3ticos.\" \/>\n<meta name=\"robots\" content=\"index, follow, max-snippet:-1, max-image-preview:large, max-video-preview:-1\" \/>\n<link rel=\"canonical\" href=\"https:\/\/fiel.pt\/en\/the-fiel\/\" \/>\n<meta property=\"og:locale\" content=\"en_US\" \/>\n<meta property=\"og:type\" content=\"article\" \/>\n<meta property=\"og:title\" content=\"Fiel - Fiel\" \/>\n<meta property=\"og:description\" content=\"A FIEL tem mais de 50 anos de experi\u00eancia no mercado alimentar portugu\u00eas. Dedica-se \u00e0 importa\u00e7\u00e3o e exporta\u00e7\u00e3o de frutas e legumes ex\u00f3ticos.\" \/>\n<meta property=\"og:url\" content=\"https:\/\/fiel.pt\/en\/the-fiel\/\" \/>\n<meta property=\"og:site_name\" content=\"Fiel\" \/>\n<meta property=\"article:modified_time\" content=\"2025-10-31T11:15:08+00:00\" \/>\n<meta name=\"twitter:card\" content=\"summary_large_image\" \/>\n<script type=\"application\/ld+json\" class=\"yoast-schema-graph\">{\"@context\":\"https:\/\/schema.org\",\"@graph\":[{\"@type\":\"WebPage\",\"@id\":\"https:\/\/fiel.pt\/en\/the-fiel\/\",\"url\":\"https:\/\/fiel.pt\/en\/the-fiel\/\",\"name\":\"Fiel - Fiel\",\"isPartOf\":{\"@id\":\"https:\/\/fiel.pt\/en\/#website\"},\"datePublished\":\"2021-05-17T15:53:44+00:00\",\"dateModified\":\"2025-10-31T11:15:08+00:00\",\"description\":\"A FIEL tem mais de 50 anos de experi\u00eancia no mercado alimentar portugu\u00eas. Dedica-se \u00e0 importa\u00e7\u00e3o e exporta\u00e7\u00e3o de frutas e legumes ex\u00f3ticos.\",\"breadcrumb\":{\"@id\":\"https:\/\/fiel.pt\/en\/the-fiel\/#breadcrumb\"},\"inLanguage\":\"en-US\",\"potentialAction\":[{\"@type\":\"ReadAction\",\"target\":[\"https:\/\/fiel.pt\/en\/the-fiel\/\"]}]},{\"@type\":\"BreadcrumbList\",\"@id\":\"https:\/\/fiel.pt\/en\/the-fiel\/#breadcrumb\",\"itemListElement\":[{\"@type\":\"ListItem\",\"position\":1,\"name\":\"In\u00edcio\",\"item\":\"https:\/\/fiel.pt\/en\/\"},{\"@type\":\"ListItem\",\"position\":2,\"name\":\"Fiel\"}]},{\"@type\":\"WebSite\",\"@id\":\"https:\/\/fiel.pt\/en\/#website\",\"url\":\"https:\/\/fiel.pt\/en\/\",\"name\":\"Fiel\",\"description\":\"Importa\u00e7\u00e3o e Exporta\u00e7\u00e3o de Frutas e Legumes\",\"publisher\":{\"@id\":\"https:\/\/fiel.pt\/en\/#organization\"},\"potentialAction\":[{\"@type\":\"SearchAction\",\"target\":{\"@type\":\"EntryPoint\",\"urlTemplate\":\"https:\/\/fiel.pt\/en\/?s={search_term_string}\"},\"query-input\":\"required name=search_term_string\"}],\"inLanguage\":\"en-US\"},{\"@type\":\"Organization\",\"@id\":\"https:\/\/fiel.pt\/en\/#organization\",\"name\":\"Fiel\",\"url\":\"https:\/\/fiel.pt\/en\/\",\"logo\":{\"@type\":\"ImageObject\",\"inLanguage\":\"en-US\",\"@id\":\"https:\/\/fiel.pt\/en\/#\/schema\/logo\/image\/\",\"url\":\"https:\/\/fiel.pt\/wp-content\/uploads\/2021\/07\/cropped-Logo_Fiel_Homepage.png\",\"contentUrl\":\"https:\/\/fiel.pt\/wp-content\/uploads\/2021\/07\/cropped-Logo_Fiel_Homepage.png\",\"width\":93,\"height\":77,\"caption\":\"Fiel\"},\"image\":{\"@id\":\"https:\/\/fiel.pt\/en\/#\/schema\/logo\/image\/\"}}]}<\/script>\n<!-- \/ Yoast SEO plugin. -->","yoast_head_json":{"title":"Fiel - Fiel","description":"A FIEL tem mais de 50 anos de experi\u00eancia no mercado alimentar portugu\u00eas. Dedica-se \u00e0 importa\u00e7\u00e3o e exporta\u00e7\u00e3o de frutas e legumes ex\u00f3ticos.","robots":{"index":"index","follow":"follow","max-snippet":"max-snippet:-1","max-image-preview":"max-image-preview:large","max-video-preview":"max-video-preview:-1"},"canonical":"https:\/\/fiel.pt\/en\/the-fiel\/","og_locale":"en_US","og_type":"article","og_title":"Fiel - Fiel","og_description":"A FIEL tem mais de 50 anos de experi\u00eancia no mercado alimentar portugu\u00eas. Dedica-se \u00e0 importa\u00e7\u00e3o e exporta\u00e7\u00e3o de frutas e legumes ex\u00f3ticos.","og_url":"https:\/\/fiel.pt\/en\/the-fiel\/","og_site_name":"Fiel","article_modified_time":"2025-10-31T11:15:08+00:00","twitter_card":"summary_large_image","schema":{"@context":"https:\/\/schema.org","@graph":[{"@type":"WebPage","@id":"https:\/\/fiel.pt\/en\/the-fiel\/","url":"https:\/\/fiel.pt\/en\/the-fiel\/","name":"Fiel - Fiel","isPartOf":{"@id":"https:\/\/fiel.pt\/en\/#website"},"datePublished":"2021-05-17T15:53:44+00:00","dateModified":"2025-10-31T11:15:08+00:00","description":"A FIEL tem mais de 50 anos de experi\u00eancia no mercado alimentar portugu\u00eas. Dedica-se \u00e0 importa\u00e7\u00e3o e exporta\u00e7\u00e3o de frutas e legumes ex\u00f3ticos.","breadcrumb":{"@id":"https:\/\/fiel.pt\/en\/the-fiel\/#breadcrumb"},"inLanguage":"en-US","potentialAction":[{"@type":"ReadAction","target":["https:\/\/fiel.pt\/en\/the-fiel\/"]}]},{"@type":"BreadcrumbList","@id":"https:\/\/fiel.pt\/en\/the-fiel\/#breadcrumb","itemListElement":[{"@type":"ListItem","position":1,"name":"In\u00edcio","item":"https:\/\/fiel.pt\/en\/"},{"@type":"ListItem","position":2,"name":"Fiel"}]},{"@type":"WebSite","@id":"https:\/\/fiel.pt\/en\/#website","url":"https:\/\/fiel.pt\/en\/","name":"Fiel","description":"Importa\u00e7\u00e3o e Exporta\u00e7\u00e3o de Frutas e Legumes","publisher":{"@id":"https:\/\/fiel.pt\/en\/#organization"},"potentialAction":[{"@type":"SearchAction","target":{"@type":"EntryPoint","urlTemplate":"https:\/\/fiel.pt\/en\/?s={search_term_string}"},"query-input":"required name=search_term_string"}],"inLanguage":"en-US"},{"@type":"Organization","@id":"https:\/\/fiel.pt\/en\/#organization","name":"Fiel","url":"https:\/\/fiel.pt\/en\/","logo":{"@type":"ImageObject","inLanguage":"en-US","@id":"https:\/\/fiel.pt\/en\/#\/schema\/logo\/image\/","url":"https:\/\/fiel.pt\/wp-content\/uploads\/2021\/07\/cropped-Logo_Fiel_Homepage.png","contentUrl":"https:\/\/fiel.pt\/wp-content\/uploads\/2021\/07\/cropped-Logo_Fiel_Homepage.png","width":93,"height":77,"caption":"Fiel"},"image":{"@id":"https:\/\/fiel.pt\/en\/#\/schema\/logo\/image\/"}}]}},"_links":{"self":[{"href":"https:\/\/fiel.pt\/en\/wp-json\/wp\/v2\/pages\/3857"}],"collection":[{"href":"https:\/\/fiel.pt\/en\/wp-json\/wp\/v2\/pages"}],"about":[{"href":"https:\/\/fiel.pt\/en\/wp-json\/wp\/v2\/types\/page"}],"author":[{"embeddable":true,"href":"https:\/\/fiel.pt\/en\/wp-json\/wp\/v2\/users\/1"}],"replies":[{"embeddable":true,"href":"https:\/\/fiel.pt\/en\/wp-json\/wp\/v2\/comments?post=3857"}],"version-history":[{"count":30,"href":"https:\/\/fiel.pt\/en\/wp-json\/wp\/v2\/pages\/3857\/revisions"}],"predecessor-version":[{"id":5111,"href":"https:\/\/fiel.pt\/en\/wp-json\/wp\/v2\/pages\/3857\/revisions\/5111"}],"wp:attachment":[{"href":"https:\/\/fiel.pt\/en\/wp-json\/wp\/v2\/media?parent=3857"}],"curies":[{"name":"wp","href":"https:\/\/api.w.org\/{rel}","templated":true}]}}